{"id":14092,"date":"2024-10-14T19:15:10","date_gmt":"2024-10-14T12:15:10","guid":{"rendered":"https:\/\/serverhot.vn\/-product-\/may-tinh-de-ban-hp-pavilion-tp01-3008d-6k7a9pa-snow-white-core-i5-12400-intel-h670-8gb-256gb-ssd-intel-uhd-graphics-730-windows-11-home-ma-san-pham-6k7a9pa\/"},"modified":"2024-10-14T19:15:13","modified_gmt":"2024-10-14T12:15:13","slug":"may-tinh-de-ban-hp-pavilion-tp01-3008d-6k7a9pa-snow-white-core-i5-12400-intel-h670-8gb-256gb-ssd-intel-uhd-graphics-730-windows-11-home-ma-san-pham-6k7a9pa","status":"publish","type":"product","link":"https:\/\/serverhot.vn\/zh\/-product-\/may-tinh-de-ban-hp-pavilion-tp01-3008d-6k7a9pa-snow-white-core-i5-12400-intel-h670-8gb-256gb-ssd-intel-uhd-graphics-730-windows-11-home-ma-san-pham-6k7a9pa\/","title":{"rendered":"M\u00e1y t\u00ednh \u0111\u1ec3 b\u00e0n HP Pavilion TP01-3008D 6K7A9PA Snow white (Core i5 12400\/ Intel H670\/ 8GB\/ 256GB SSD\/ Intel UHD Graphics 730\/ Windows 11 Home) M\u00e3 s\u1ea3n ph\u1ea9m: 6K7A9PA"},"content":{"rendered":"<div class=\"showText tabs\" id=\"tab2\">\n                                    <\/div>","protected":false},"excerpt":{"rendered":"<ul>\n<h1 style=\"overflow: hidden;line-height: 30px\"><span style=\"font-size: 14px\"><span style=\"color: #333333\">M\u00e1y t\u00ednh \u0111\u1ec3 b\u00e0n HP Pavilion TP01-3008D 6K7A9PA Snow white (Core i5 12400\/ Intel H670\/ 8GB\/ 256GB SSD\/ Intel UHD Graphics 730\/ Windows 11 Home)<\/span><\/span><\/h1>\n<p>\u00a0<\/p>\n<\/ul>","protected":false},"featured_media":14093,"comment_status":"closed","ping_status":"closed","template":"","meta":[],"pwb-brand":[],"product_cat":[2887],"product_tag":[27],"class_list":{"0":"post-14092","1":"product","2":"type-product","3":"status-publish","4":"has-post-thumbnail","6":"product_cat-hp","7":"product_tag-white","9":"first","10":"instock","11":"shipping-taxable","12":"product-type-simple"},"brands":[],"_links":{"self":[{"href":"https:\/\/serverhot.vn\/zh\/wp-json\/wp\/v2\/product\/14092","targetHints":{"allow":["GET"]}}],"collection":[{"href":"https:\/\/serverhot.vn\/zh\/wp-json\/wp\/v2\/product"}],"about":[{"href":"https:\/\/serverhot.vn\/zh\/wp-json\/wp\/v2\/types\/product"}],"replies":[{"embeddable":true,"href":"https:\/\/serverhot.vn\/zh\/wp-json\/wp\/v2\/comments?post=14092"}],"wp:featuredmedia":[{"embeddable":true,"href":"https:\/\/serverhot.vn\/zh\/wp-json\/wp\/v2\/media\/14093"}],"wp:attachment":[{"href":"https:\/\/serverhot.vn\/zh\/wp-json\/wp\/v2\/media?parent=14092"}],"wp:term":[{"taxonomy":"pwb-brand","embeddable":true,"href":"https:\/\/serverhot.vn\/zh\/wp-json\/wp\/v2\/pwb-brand?post=14092"},{"taxonomy":"product_cat","embeddable":true,"href":"https:\/\/serverhot.vn\/zh\/wp-json\/wp\/v2\/product_cat?post=14092"},{"taxonomy":"product_tag","embeddable":true,"href":"https:\/\/serverhot.vn\/zh\/wp-json\/wp\/v2\/product_tag?post=14092"}],"curies":[{"name":"wp","href":"https:\/\/api.w.org\/{rel}","templated":true}]}}