{"id":14098,"date":"2024-10-14T20:00:10","date_gmt":"2024-10-14T13:00:10","guid":{"rendered":"https:\/\/serverhot.vn\/-product-\/may-tinh-de-ban-hp-m01-f2033d-76u01pa-core-i5-12400-8gb-ram-512gb-ssd-wifi-bluetooth-keyboard-mouse-windows-11-home-ma-san-pham-76u01pa\/"},"modified":"2024-10-14T20:00:12","modified_gmt":"2024-10-14T13:00:12","slug":"may-tinh-de-ban-hp-m01-f2033d-76u01pa-core-i5-12400-8gb-ram-512gb-ssd-wifi-bluetooth-keyboard-mouse-windows-11-home-ma-san-pham-76u01pa","status":"publish","type":"product","link":"https:\/\/serverhot.vn\/zh\/-product-\/may-tinh-de-ban-hp-m01-f2033d-76u01pa-core-i5-12400-8gb-ram-512gb-ssd-wifi-bluetooth-keyboard-mouse-windows-11-home-ma-san-pham-76u01pa\/","title":{"rendered":"M\u00e1y t\u00ednh \u0111\u1ec3 b\u00e0n HP M01-F2033D 76U01PA (Core i5-12400\/ 8GB RAM\/ 512GB SSD\/ Wifi\/ Bluetooth\/ Keyboard\/ Mouse\/ Windows 11 Home) M\u00e3 s\u1ea3n ph\u1ea9m: 76U01PA"},"content":{"rendered":"<div class=\"showText tabs\" id=\"tab2\">\n                                    <\/div>","protected":false},"excerpt":{"rendered":"<ul>\n<h1 style=\"font-family: arial, verdana, sans-serif;overflow: hidden;font-size: 20px;color: #333333;line-height: 30px\">M\u00e1y t\u00ednh \u0111\u1ec3 b\u00e0n HP M01-F2033D 76U01PA (Core i5-12400\/ 8GB RAM\/ 512GB SSD\/ Wifi\/ Bluetooth\/ Keyboard\/ Mouse\/ Windows 11 Home)<\/h1>\n<\/ul>","protected":false},"featured_media":14099,"comment_status":"closed","ping_status":"closed","template":"","meta":[],"pwb-brand":[],"product_cat":[2887],"product_tag":[],"class_list":{"0":"post-14098","1":"product","2":"type-product","3":"status-publish","4":"has-post-thumbnail","6":"product_cat-hp","8":"first","9":"instock","10":"shipping-taxable","11":"product-type-simple"},"brands":[],"_links":{"self":[{"href":"https:\/\/serverhot.vn\/zh\/wp-json\/wp\/v2\/product\/14098","targetHints":{"allow":["GET"]}}],"collection":[{"href":"https:\/\/serverhot.vn\/zh\/wp-json\/wp\/v2\/product"}],"about":[{"href":"https:\/\/serverhot.vn\/zh\/wp-json\/wp\/v2\/types\/product"}],"replies":[{"embeddable":true,"href":"https:\/\/serverhot.vn\/zh\/wp-json\/wp\/v2\/comments?post=14098"}],"wp:featuredmedia":[{"embeddable":true,"href":"https:\/\/serverhot.vn\/zh\/wp-json\/wp\/v2\/media\/14099"}],"wp:attachment":[{"href":"https:\/\/serverhot.vn\/zh\/wp-json\/wp\/v2\/media?parent=14098"}],"wp:term":[{"taxonomy":"pwb-brand","embeddable":true,"href":"https:\/\/serverhot.vn\/zh\/wp-json\/wp\/v2\/pwb-brand?post=14098"},{"taxonomy":"product_cat","embeddable":true,"href":"https:\/\/serverhot.vn\/zh\/wp-json\/wp\/v2\/product_cat?post=14098"},{"taxonomy":"product_tag","embeddable":true,"href":"https:\/\/serverhot.vn\/zh\/wp-json\/wp\/v2\/product_tag?post=14098"}],"curies":[{"name":"wp","href":"https:\/\/api.w.org\/{rel}","templated":true}]}}