{"id":14435,"date":"2024-11-21T13:15:08","date_gmt":"2024-11-21T06:15:08","guid":{"rendered":"https:\/\/serverhot.vn\/-product-\/may-tinh-dell-inspiron-3030sff-sffi33003w1-8g-512g-core-i3-14100-8gb-512gb-ssd-intel-uhd-graphics-730-windows-11-ma-san-pham-sffi33003w1-8g-512g\/"},"modified":"2024-11-21T13:15:10","modified_gmt":"2024-11-21T06:15:10","slug":"may-tinh-dell-inspiron-3030sff-sffi33003w1-8g-512g-core-i3-14100-8gb-512gb-ssd-intel-uhd-graphics-730-windows-11-ma-san-pham-sffi33003w1-8g-512g","status":"publish","type":"product","link":"https:\/\/serverhot.vn\/zh\/-product-\/may-tinh-dell-inspiron-3030sff-sffi33003w1-8g-512g-core-i3-14100-8gb-512gb-ssd-intel-uhd-graphics-730-windows-11-ma-san-pham-sffi33003w1-8g-512g\/","title":{"rendered":"M\u00e1y t\u00ednh Dell Inspiron 3030SFF SFFI33003W1-8G-512G (Core i3-14100 | 8GB | 512GB SSD | Intel UHD Graphics 730 | Windows 11) M\u00e3 s\u1ea3n ph\u1ea9m: SFFI33003W1-8G-512G"},"content":{"rendered":"<div class=\"showText tabs\" id=\"tab2\">\n                                    <\/div>","protected":false},"excerpt":{"rendered":"<ul>\n<ul>\n<li>Model: Dell Inspiron 3030SFF (SFFI33003W1-8G-512G)<\/li>\n<li>CPU: Intel\u00ae Core\u2122 i3-14100\u00a0<\/li>\n<li>RAM: 8GB DDR5, t\u1ed1c \u0111\u1ed9 4400MT\/s<\/li>\n<li>L\u01b0u tr\u1eef: SSD M.2 NVMe 512GB<\/li>\n<li>K\u1ebft n\u1ed1i: Wi-Fi + Bluetooth t\u00edch h\u1ee3p<\/li>\n<li>H\u1ec7 \u0111i\u1ec1u h\u00e0nh: Windows 11<\/li>\n<\/ul>\n<\/ul>","protected":false},"featured_media":14436,"comment_status":"closed","ping_status":"closed","template":"","meta":[],"pwb-brand":[],"product_cat":[2886],"product_tag":[],"class_list":{"0":"post-14435","1":"product","2":"type-product","3":"status-publish","4":"has-post-thumbnail","6":"product_cat-dell-workstation","8":"first","9":"instock","10":"shipping-taxable","11":"product-type-simple"},"brands":[],"_links":{"self":[{"href":"https:\/\/serverhot.vn\/zh\/wp-json\/wp\/v2\/product\/14435","targetHints":{"allow":["GET"]}}],"collection":[{"href":"https:\/\/serverhot.vn\/zh\/wp-json\/wp\/v2\/product"}],"about":[{"href":"https:\/\/serverhot.vn\/zh\/wp-json\/wp\/v2\/types\/product"}],"replies":[{"embeddable":true,"href":"https:\/\/serverhot.vn\/zh\/wp-json\/wp\/v2\/comments?post=14435"}],"wp:featuredmedia":[{"embeddable":true,"href":"https:\/\/serverhot.vn\/zh\/wp-json\/wp\/v2\/media\/14436"}],"wp:attachment":[{"href":"https:\/\/serverhot.vn\/zh\/wp-json\/wp\/v2\/media?parent=14435"}],"wp:term":[{"taxonomy":"pwb-brand","embeddable":true,"href":"https:\/\/serverhot.vn\/zh\/wp-json\/wp\/v2\/pwb-brand?post=14435"},{"taxonomy":"product_cat","embeddable":true,"href":"https:\/\/serverhot.vn\/zh\/wp-json\/wp\/v2\/product_cat?post=14435"},{"taxonomy":"product_tag","embeddable":true,"href":"https:\/\/serverhot.vn\/zh\/wp-json\/wp\/v2\/product_tag?post=14435"}],"curies":[{"name":"wp","href":"https:\/\/api.w.org\/{rel}","templated":true}]}}