{"id":14473,"date":"2024-12-04T04:45:09","date_gmt":"2024-12-03T21:45:09","guid":{"rendered":"https:\/\/serverhot.vn\/-product-\/may-tinh-de-ban-all-in-one-lenovo-thinkcentre-neo-50a-24-gen5-12sc0025va-intel-core-i5-13420h-16gb-512gb-23-8-inch-fhd-noos-ma-san-pham-12sc0025va\/"},"modified":"2024-12-04T04:45:14","modified_gmt":"2024-12-03T21:45:14","slug":"may-tinh-de-ban-all-in-one-lenovo-thinkcentre-neo-50a-24-gen5-12sc0025va-intel-core-i5-13420h-16gb-512gb-23-8-inch-fhd-noos-ma-san-pham-12sc0025va","status":"publish","type":"product","link":"https:\/\/serverhot.vn\/zh\/-product-\/may-tinh-de-ban-all-in-one-lenovo-thinkcentre-neo-50a-24-gen5-12sc0025va-intel-core-i5-13420h-16gb-512gb-23-8-inch-fhd-noos-ma-san-pham-12sc0025va\/","title":{"rendered":"M\u00e1y t\u00ednh \u0111\u1ec3 b\u00e0n All in one Lenovo ThinkCentre neo 50a 24 Gen5 12SC0025VA (Intel Core i5-13420H | 16GB | 512GB | 23.8 inch FHD | NoOS) M\u00e3 s\u1ea3n ph\u1ea9m: 12SC0025VA"},"content":{"rendered":"<div class=\"showText tabs\" id=\"tab2\">\n                                    <\/div>","protected":false},"excerpt":{"rendered":"<ul>\n<ul>\n<li>B\u1ed9 VXL: Core i5 13420H 2.1GHz<\/li>\n<li>Chipset: Intel SoC platform<\/li>\n<li>B\u1ed9 nh\u1edb RAM: 16GB DDR5 5200<\/li>\n<li>\u1ed4 c\u1ee9ng: 512GB SSD<\/li>\n<li>Card t\u00edch h\u1ee3p: Intel UHD Graphics<\/li>\n<li>M\u00e0n h\u00ecnh: 23.8Inch<\/li>\n<li>H\u1ec7 \u0111i\u1ec1u h\u00e0nh: NoOS<\/li>\n<\/ul>\n<\/ul>","protected":false},"featured_media":14474,"comment_status":"closed","ping_status":"closed","template":"","meta":[],"pwb-brand":[],"product_cat":[2909],"product_tag":[],"class_list":{"0":"post-14473","1":"product","2":"type-product","3":"status-publish","4":"has-post-thumbnail","6":"product_cat-man-hinh-may-tinh","8":"first","9":"instock","10":"shipping-taxable","11":"product-type-simple"},"brands":[],"_links":{"self":[{"href":"https:\/\/serverhot.vn\/zh\/wp-json\/wp\/v2\/product\/14473","targetHints":{"allow":["GET"]}}],"collection":[{"href":"https:\/\/serverhot.vn\/zh\/wp-json\/wp\/v2\/product"}],"about":[{"href":"https:\/\/serverhot.vn\/zh\/wp-json\/wp\/v2\/types\/product"}],"replies":[{"embeddable":true,"href":"https:\/\/serverhot.vn\/zh\/wp-json\/wp\/v2\/comments?post=14473"}],"wp:featuredmedia":[{"embeddable":true,"href":"https:\/\/serverhot.vn\/zh\/wp-json\/wp\/v2\/media\/14474"}],"wp:attachment":[{"href":"https:\/\/serverhot.vn\/zh\/wp-json\/wp\/v2\/media?parent=14473"}],"wp:term":[{"taxonomy":"pwb-brand","embeddable":true,"href":"https:\/\/serverhot.vn\/zh\/wp-json\/wp\/v2\/pwb-brand?post=14473"},{"taxonomy":"product_cat","embeddable":true,"href":"https:\/\/serverhot.vn\/zh\/wp-json\/wp\/v2\/product_cat?post=14473"},{"taxonomy":"product_tag","embeddable":true,"href":"https:\/\/serverhot.vn\/zh\/wp-json\/wp\/v2\/product_tag?post=14473"}],"curies":[{"name":"wp","href":"https:\/\/api.w.org\/{rel}","templated":true}]}}