{"id":14603,"date":"2025-02-17T05:15:12","date_gmt":"2025-02-16T22:15:12","guid":{"rendered":"https:\/\/serverhot.vn\/-product-\/trend-micro-worry-free-xdr-2-nam-ma-san-pham-wfzzzzmxalczzz_2y\/"},"modified":"2025-02-17T05:15:16","modified_gmt":"2025-02-16T22:15:16","slug":"trend-micro-worry-free-xdr-2-nam-ma-san-pham-wfzzzzmxalczzz_2y","status":"publish","type":"product","link":"https:\/\/serverhot.vn\/zh\/-product-\/trend-micro-worry-free-xdr-2-nam-ma-san-pham-wfzzzzmxalczzz_2y\/","title":{"rendered":"Trend Micro Worry-Free XDR &#8211; 2 n\u0103m M\u00e3 s\u1ea3n ph\u1ea9m: WFZZZZMXALCZZZ_2Y"},"content":{"rendered":"<div class=\"showText tabs\" id=\"tab2\">\n                                    <\/div>","protected":false},"excerpt":{"rendered":"<ul>\n<p><span style=\"font-family: 'Open Sans', Arial, sans-serif;font-size: 16px;background-color: #ffffff\">Trend Micro Worry-Free Services Advanced Mang \u0110\u1ebfn Cho Doanh Nghi\u1ec7p Kh\u1ea3 n\u0103ng ph\u00e1t hi\u1ec7n v\u00e0 ch\u1eb7n m\u1ed9t lo\u1ea1t c\u00e1c m\u1ed1i \u0111e d\u1ecda c\u00f3 c\u01b0\u1eddng \u0111\u1ed9 li\u00ean t\u1ee5c, bao g\u1ed3m c\u1ea3 ph\u1ea7n m\u1ec1m \u0111\u1ed9c h\u1ea1i v\u00e0 ransomware. Kh\u1ea3 n\u0103ng ng\u0103n ch\u1eb7n c\u00e1c m\u1ed1i \u0111e d\u1ecda email t\u1eeb b\u00ean ngo\u00e0i (cloud) tr\u01b0\u1edbc khi \u0111\u1ebfn \u0111\u01b0\u1ee3c h\u1ec7 th\u1ed1ng m\u1ea1ng n\u1ed9i b\u1ed9. B\u1ea3o v\u1ec7 ch\u1ed1ng l\u1ea1i ki\u1ec3u t\u1ea5n c\u00f4ng l\u1eeba \u0111\u1ea3o nh\u01b0 l\u1eeba \u0111\u1ea3o th\u00f4ng tin \u0111\u0103ng nh\u1eadp, x\u00e2m nh\u1eadp email doanh nghi\u1ec7p (BEC) v\u00e0 c\u00e1c cu\u1ed9c t\u1ea5n c\u00f4ng c\u00f3 ch\u1ee7 \u0111\u00edch n\u00e2ng cao. T\u1ea5t c\u1ea3 t\u00ednh n\u0103ng tr\u00ean ch\u1ec9 trong 1 ph\u1ea7n m\u1ec1m g\u1ecdn nh\u1eb9 c\u00e0i l\u00ean thi\u1ebft b\u1ecb. M\u1eb7c d\u00f9 c\u00f3 c\u00e1c l\u1edbp b\u1ea3o v\u1ec7 n\u00e2ng cao, kh\u00f4ng c\u00f3 th\u1ee9 g\u00ec g\u1ecdi l\u00e0 ng\u0103n ch\u1eb7n 100%. T\u00ednh n\u0103ng Ph\u00e1t hi\u1ec7n v\u00e0 ph\u1ea3n h\u1ed3i \u0111i\u1ec3m cu\u1ed1i (EDR) gi\u00fap ph\u00e1t hi\u1ec7n c\u00e1c m\u1ed1i \u0111e d\u1ecda l\u00e9n l\u00fat trong h\u1ec7 th\u1ed1ng m\u1ea1ng, v\u00e0 c\u1ea7n m\u1ed9t l\u01b0\u1ee3ng th\u1eddi gian v\u00e0 ngu\u1ed3n l\u1ef1c \u0111\u00e1ng k\u1ec3 \u0111\u1ec3 \u0111i\u1ec1u tra v\u00e0 \u0111\u1eb7c bi\u1ec7t c\u00e1c thi\u1ebft b\u1ecb \u0111i\u1ec3m cu\u1ed1i ch\u01b0a \u0111\u01b0\u1ee3c b\u1ea3o v\u1ec7. Trend Micro \u2122 Worry-Free \u2122 XDR k\u1ebft h\u1ee3p Worry-Free Services Advanced v\u00e0 Trend Micro\u2122 Endpoint Sensor, cung c\u1ea5p kh\u1ea3 n\u0103ng ph\u00e1t hi\u1ec7n v\u00e0 ph\u1ea3n h\u1ed3i m\u1ed9t c\u00e1ch t\u1ef1 \u0111\u1ed9ng cho h\u1ec7 th\u1ed1ng email v\u00e0 \u0111i\u1ec3m cu\u1ed1i: T\u01b0\u01a1ng quan d\u1eef li\u1ec7u t\u1ef1 \u0111\u1ed9ng t\u1eeb c\u00e1c c\u1ea3m bi\u1ebfn thu th\u1eadp \u0111\u01b0\u1ee3c nh\u1eb1m ph\u00e1t hi\u1ec7n c\u00e1c ho\u1ea1t \u0111\u1ed9ng tr\u00ean c\u00e1c endpoint\/\u0111i\u1ec3m cu\u1ed1i v\u00e0 email. T\u1ef1 \u0111\u1ed9ng qu\u00e9t v\u00e0 ph\u00e2n t\u00edch nguy\u00ean nh\u00e2n ngu\u1ed3n g\u1ed1c, bao g\u1ed3m c\u00e1c h\u00e0nh \u0111\u1ed9ng \u0111\u01b0\u1ee3c \u0111\u1ec1 xu\u1ea5t theo t\u1eebng b\u01b0\u1edbc, cho ph\u00e9p qu\u1ea3n tr\u1ecb vi\u00ean CNTT gi\u1ea3i quy\u00e9t v\u1ea5n \u0111\u1ec1 nhanh ch\u00f3ng. Ch\u1ec9 m\u1ed9t b\u1ea3ng \u0111i\u1ec1u khi\u1ec3n (\u0111\u00e2y ch\u00ednh l\u00e0 th\u00e0nh ph\u1ea7n Worry-Free Service k\u1ebft h\u1ee3p v\u1edbi Worry-Free Advanced) k\u1ebft n\u1ed1i thi\u00eat b\u1ecb v\u00e0 email. Ph\u00e1t hi\u1ec7n m\u00e3 \u0111\u1ed9c n\u00e2ng cao nh\u1edd v\u00e0o t\u00ednh n\u0103ng cloud sandboxing. C\u00e1c Th\u00e0nh Ph\u1ea7n Ch\u00ednh C\u1ee7a Worry Free Services Advanced D\u00e0nh cho thi\u1ebft b\u1ecb\/ng\u01b0\u1eddi d\u00f9ng v\u00e0 d\u1eef li\u1ec7u (Device, user, and data protection from Worry-Free Services) B\u1ea3o v\u1ec7 n\u00e2ng cao v\u00e0 b\u1ea3o v\u1ec7 duy\u1ec7t web (Advanced threat protection and web security) B\u1ea3o v\u1ec7 &amp; qu\u1ea3n l\u00fd thi\u1ebft b\u1ecb di \u0111\u1ed9ng (Mobile device security and management) B\u1ea3o v\u1ec7 h\u1ec7 th\u1ed1ng email (On-premises email protection from Trend Micro Email Security) L\u1ecdc d\u1eef li\u1ec7u email (Inbound and outbound mail filtering) Ch\u1ed1ng t\u1ea5n c\u00f4ng ch\u1ee7 \u0111\u00edch (Targeted attack protection) M\u00e3 h\u00f3a d\u00e0nh cho Host email (Hosted email encryption) D\u00e0nh cho d\u1ecbch v\u1ee5 email cloud (Office 365 email and Gmail protection from Cloud App Security) B\u1ea3o v\u1ec7 email v\u00e0 t\u1ec7p tr\u00ean d\u1ecbch v\u1ee5 Office365 (Protects Office365 email and other cloud file-sharing services) Ph\u00e1t hi\u1ec7n m\u00e3 \u0111\u1ed9c v\u00e0 ph\u1ea7n m\u1ec1m ch\u1ee9a trong c\u00e1c \u0111\u1ecbnh d\u1ea1ng v\u0103n b\u1ea3n c\u1ee7a ph\u1ea7n m\u1ec1m v\u0103n ph\u00f2ng, PDF (Detects ransomware and other malware hidden in Office file formats or PDF documents) Nh\u1eadn di\u1ec7n c\u00e1c \u0111\u1ee3t t\u1ea5n c\u00f4ng v\u00e0o email c\u1ee7a doanh nghi\u1ec7p nh\u1edd v\u00e0o AI (Identifies business email compromise attacks using artificial intelligence) \u0110\u01b0a ra c\u00e1i nh\u00ecn tr\u1ef1c quan v\u1ec1 d\u1eef li\u1ec7u c\u1ee7a doanh nghi\u1ec7p (Gives visibility into sensitive data use with cloud file-sharing services) C\u00e1c Th\u00e0nh Ph\u1ea7n Ch\u00ednh C\u1ee7a WORRY-FREE XDR Ph\u00e1t hi\u1ec7n v\u00e0 b\u1ea3o v\u1ec7 email v\u00e0 thi\u1ebft b\u1ecb ch\u1ec9 tr\u00ean m\u1ed9t b\u1ea3ng \u0111i\u1ec1u khi\u1ec3n (Detection and response beyond endpoint from Worry-Free Services Advanced and Endpoint Sensor Correlates data automatically across email and endpoint in one console) T\u1ef1 \u0111\u1ed9ng ph\u00e1t hi\u1ec7n, qu\u00e9t, t\u00ecm ki\u1ebfm v\u00e0 ph\u00e2n t\u00edch ngu\u1ed3n g\u1ed1c (Automated detection, sweeping, hunting, and root cause analysis) B\u1ea3o v\u1ec7 n\u00e2ng cao nh\u1edd t\u00ednh n\u0103ng gi\u1ea3 l\u1eadp m\u00e3 \u0111\u1ed9c c\u1ee7a Sandboxing tr\u00ean \u0111\u00e1m m\u00e2y (Advanced threat detection through cloud sandboxing<\/span><\/p>\n<\/ul>","protected":false},"featured_media":14604,"comment_status":"closed","ping_status":"closed","template":"","meta":[],"pwb-brand":[],"product_cat":[2928],"product_tag":[25],"class_list":{"0":"post-14603","1":"product","2":"type-product","3":"status-publish","4":"has-post-thumbnail","6":"product_cat-san-pham-khac","7":"product_tag-man","9":"first","10":"instock","11":"shipping-taxable","12":"product-type-simple"},"brands":[],"_links":{"self":[{"href":"https:\/\/serverhot.vn\/zh\/wp-json\/wp\/v2\/product\/14603","targetHints":{"allow":["GET"]}}],"collection":[{"href":"https:\/\/serverhot.vn\/zh\/wp-json\/wp\/v2\/product"}],"about":[{"href":"https:\/\/serverhot.vn\/zh\/wp-json\/wp\/v2\/types\/product"}],"replies":[{"embeddable":true,"href":"https:\/\/serverhot.vn\/zh\/wp-json\/wp\/v2\/comments?post=14603"}],"wp:featuredmedia":[{"embeddable":true,"href":"https:\/\/serverhot.vn\/zh\/wp-json\/wp\/v2\/media\/14604"}],"wp:attachment":[{"href":"https:\/\/serverhot.vn\/zh\/wp-json\/wp\/v2\/media?parent=14603"}],"wp:term":[{"taxonomy":"pwb-brand","embeddable":true,"href":"https:\/\/serverhot.vn\/zh\/wp-json\/wp\/v2\/pwb-brand?post=14603"},{"taxonomy":"product_cat","embeddable":true,"href":"https:\/\/serverhot.vn\/zh\/wp-json\/wp\/v2\/product_cat?post=14603"},{"taxonomy":"product_tag","embeddable":true,"href":"https:\/\/serverhot.vn\/zh\/wp-json\/wp\/v2\/product_tag?post=14603"}],"curies":[{"name":"wp","href":"https:\/\/api.w.org\/{rel}","templated":true}]}}