{"id":15050,"date":"2025-05-26T17:27:13","date_gmt":"2025-05-26T10:27:13","guid":{"rendered":"https:\/\/serverhot.vn\/-product-\/gia-treo-man-hinh-may-tinh-human-motion-t9-pro-gen-2-dual-ma-san-pham-t9-pro-gen-2-dual\/"},"modified":"2025-05-26T17:27:29","modified_gmt":"2025-05-26T10:27:29","slug":"gia-treo-man-hinh-may-tinh-human-motion-t9-pro-gen-2-dual-ma-san-pham-t9-pro-gen-2-dual","status":"publish","type":"product","link":"https:\/\/serverhot.vn\/zh\/-product-\/gia-treo-man-hinh-may-tinh-human-motion-t9-pro-gen-2-dual-ma-san-pham-t9-pro-gen-2-dual\/","title":{"rendered":"Gi\u00e1 treo m\u00e0n h\u00ecnh m\u00e1y t\u00ednh Human Motion T9 Pro Gen 2 Dual M\u00e3 s\u1ea3n ph\u1ea9m: T9-PRO-GEN-2-DUAL"},"content":{"rendered":"<div class=\"showText tabs\" id=\"tab2\">\n<div class=\"box_right_pro_view\">\n<div class=\"thongso_pro a_technical\" style=\"max-height: fit-content\">\n<p>Model<span> <\/span><\/p>\n<p>Human Motion T9 Pro II Dual<\/p>\n<p>K\u00edch c\u1ee1 m\u00e0n h\u00ecnh <span> <\/span>23 &#8211; 43 inch<\/p>\n<p>Tr\u1ecdng l\u01b0\u1ee3ng m\u00e0n h\u00ecnh<span> <\/span>18 +18kg<\/p>\n<p>Arm \u0111\u01a1n\/\u0110\u00f4i<span> <\/span>\u0110\u00f4i<\/p>\n<p>C\u01a1 c\u1ea5u<span> <\/span>Piston<\/p>\n<\/p><\/div>\n<p>                            <!--                            <\/p>\n<div class=\"xemthem_id_r\">--><br \/>\n                            <!--                                <a><!--\/show\/?token=--><br \/>\n                            <!--\"--><br \/>\n                            <!--                                   class=\"preview fancybox fancybox.ajax\" rel=\"nofollow\"&gt;Xem th&#234;m th&#244;ng s&#7889; k&#7929; thu&#7853;t<\/a>--><br \/>\n                            <!--                            <\/div>\n<p>-->\n                        <\/p><\/div>\n<\/p><\/div>","protected":false},"excerpt":{"rendered":"<ul>\n<p>K\u00edch c\u1ee1 m\u00e0n ph\u00f9 h\u1ee3p: 23\u201d ~ 43&#8243;<\/p>\n<p>N\u00e2ng m\u00e0n t\u1ed1i \u0111a: 18+18 kg<\/p>\n<p>C\u00f4ng ngh\u1ec7 tr\u1ee3 l\u1ef1c: piston HumanForce 3.0 (gas-spring)<\/p>\n<p>C\u1ea3i ti\u1ebfn l\u00f2 xo tr\u1ee3 l\u1ef1c khu v\u1ef1c ng\u00e0m VESA<\/p>\n<\/ul>","protected":false},"featured_media":15051,"comment_status":"closed","ping_status":"closed","template":"","meta":[],"pwb-brand":[],"product_cat":[2910],"product_tag":[25],"class_list":{"0":"post-15050","1":"product","2":"type-product","3":"status-publish","4":"has-post-thumbnail","6":"product_cat-thiet-bi-van-phong","7":"product_tag-man","9":"first","10":"instock","11":"shipping-taxable","12":"product-type-simple"},"brands":[],"_links":{"self":[{"href":"https:\/\/serverhot.vn\/zh\/wp-json\/wp\/v2\/product\/15050","targetHints":{"allow":["GET"]}}],"collection":[{"href":"https:\/\/serverhot.vn\/zh\/wp-json\/wp\/v2\/product"}],"about":[{"href":"https:\/\/serverhot.vn\/zh\/wp-json\/wp\/v2\/types\/product"}],"replies":[{"embeddable":true,"href":"https:\/\/serverhot.vn\/zh\/wp-json\/wp\/v2\/comments?post=15050"}],"wp:featuredmedia":[{"embeddable":true,"href":"https:\/\/serverhot.vn\/zh\/wp-json\/wp\/v2\/media\/15051"}],"wp:attachment":[{"href":"https:\/\/serverhot.vn\/zh\/wp-json\/wp\/v2\/media?parent=15050"}],"wp:term":[{"taxonomy":"pwb-brand","embeddable":true,"href":"https:\/\/serverhot.vn\/zh\/wp-json\/wp\/v2\/pwb-brand?post=15050"},{"taxonomy":"product_cat","embeddable":true,"href":"https:\/\/serverhot.vn\/zh\/wp-json\/wp\/v2\/product_cat?post=15050"},{"taxonomy":"product_tag","embeddable":true,"href":"https:\/\/serverhot.vn\/zh\/wp-json\/wp\/v2\/product_tag?post=15050"}],"curies":[{"name":"wp","href":"https:\/\/api.w.org\/{rel}","templated":true}]}}